{"id":2536,"date":"2017-12-04T15:19:21","date_gmt":"2017-12-04T15:19:21","guid":{"rendered":"https:\/\/templosantaluzia.org\/confraria\/"},"modified":"2024-01-23T15:59:53","modified_gmt":"2024-01-23T14:59:53","slug":"confraria","status":"publish","type":"page","link":"https:\/\/templosantaluzia.org\/es\/confraria\/","title":{"rendered":"Confrar\u00eda"},"content":{"rendered":"<p>La \u00abConfraria de Santa Luzia\u00bb es una asociaci\u00f3n p\u00fablica de fieles, por lo que goza de personalidad jur\u00eddica p\u00fablica en la iglesia, y es esta entidad la que supervisa el \u00abSantu\u00e1rio do Sagrado Cora\u00e7\u00e3o de Jesus\u00bb. Erecida can\u00f3nicamente en la parroquia de Santa Maria Maior, fue fundada en 1884 por el Capit\u00e1n de Caballer\u00eda Lu\u00eds de Andrade e Sousa, quien hab\u00eda sufrido problemas de visi\u00f3n desde una edad temprana y que, en 1882, comenz\u00f3 a frecuentar la peque\u00f1a ermita de \u00abSanta Luzia\u00bb, ofreciendo devoci\u00f3n a la Santa y organizando misas.<\/p>\n<p>Cuando sinti\u00f3 mejoras en su estado, siendo capaz de vislumbrar el magn\u00edfico panorama que ofrece la cima del monte de \u00abSanta Luzia\u00bb, decidi\u00f3 hacer este lugar m\u00e1s conocido y accesible. As\u00ed, fund\u00f3 la \u00abConfraria de Santa Luzia\u00bb, con el objetivo de promover y ofrecer el debido culto a Santa Luc\u00eda, mejorando la peque\u00f1a capilla y su acceso, notablemente a trav\u00e9s de la construcci\u00f3n de una carretera.<\/p>\n","protected":false},"excerpt":{"rendered":"<p>La \u00abConfraria de Santa Luzia\u00bb es una asociaci\u00f3n p\u00fablica de fieles, por lo que goza de personalidad jur\u00eddica p\u00fablica en la iglesia, y es esta entidad la que supervisa el \u00abSantu\u00e1rio do Sagrado Cora\u00e7\u00e3o de Jesus\u00bb. Erecida can\u00f3nicamente en la parroquia de Santa Maria Maior, fue fundada en 1884 por el Capit\u00e1n de Caballer\u00eda Lu\u00eds de Andrade e Sousa, quien hab\u00eda sufrido problemas de visi\u00f3n desde una edad temprana y que, en 1882, comenz\u00f3 a frecuentar la peque\u00f1a ermita de \u00abSanta Luzia\u00bb, ofreciendo devoci\u00f3n a la Santa y organizando misas. Cuando sinti\u00f3 mejoras en su estado, siendo capaz de vislumbrar [&hellip;]<\/p>\n","protected":false},"author":1,"featured_media":1982,"parent":0,"menu_order":0,"comment_status":"closed","ping_status":"closed","template":"template-confraria.php","meta":{"footnotes":""},"class_list":["post-2536","page","type-page","status-publish","has-post-thumbnail","hentry"],"_links":{"self":[{"href":"https:\/\/templosantaluzia.org\/es\/wp-json\/wp\/v2\/pages\/2536","targetHints":{"allow":["GET"]}}],"collection":[{"href":"https:\/\/templosantaluzia.org\/es\/wp-json\/wp\/v2\/pages"}],"about":[{"href":"https:\/\/templosantaluzia.org\/es\/wp-json\/wp\/v2\/types\/page"}],"author":[{"embeddable":true,"href":"https:\/\/templosantaluzia.org\/es\/wp-json\/wp\/v2\/users\/1"}],"replies":[{"embeddable":true,"href":"https:\/\/templosantaluzia.org\/es\/wp-json\/wp\/v2\/comments?post=2536"}],"version-history":[{"count":7,"href":"https:\/\/templosantaluzia.org\/es\/wp-json\/wp\/v2\/pages\/2536\/revisions"}],"predecessor-version":[{"id":3524,"href":"https:\/\/templosantaluzia.org\/es\/wp-json\/wp\/v2\/pages\/2536\/revisions\/3524"}],"wp:featuredmedia":[{"embeddable":true,"href":"https:\/\/templosantaluzia.org\/es\/wp-json\/wp\/v2\/media\/1982"}],"wp:attachment":[{"href":"https:\/\/templosantaluzia.org\/es\/wp-json\/wp\/v2\/media?parent=2536"}],"curies":[{"name":"wp","href":"https:\/\/api.w.org\/{rel}","templated":true}]}}