{"id":2528,"date":"2017-11-21T11:48:54","date_gmt":"2017-11-21T11:48:54","guid":{"rendered":"https:\/\/templosantaluzia.org\/jornal\/"},"modified":"2024-01-24T14:59:25","modified_gmt":"2024-01-24T13:59:25","slug":"jornal","status":"publish","type":"page","link":"https:\/\/templosantaluzia.org\/es\/jornal\/","title":{"rendered":"Peri\u00f3dico"},"content":{"rendered":"<p>El diario de \u00abSanta Luzia\u00bb es un peri\u00f3dico que compila las noticias y acontecimientos que tienen lugar en \u00abSanta Luzia\u00bb, as\u00ed como mensajes pastorales, opiniones y testimonios, y rese\u00f1as hist\u00f3ricas de otros tiempos.<\/p>\n","protected":false},"excerpt":{"rendered":"<p>El diario de \u00abSanta Luzia\u00bb es un peri\u00f3dico que compila las noticias y acontecimientos que tienen lugar en \u00abSanta Luzia\u00bb, as\u00ed como mensajes pastorales, opiniones y testimonios, y rese\u00f1as hist\u00f3ricas de otros tiempos.<\/p>\n","protected":false},"author":1,"featured_media":1691,"parent":0,"menu_order":0,"comment_status":"closed","ping_status":"closed","template":"template-jornal.php","meta":{"footnotes":""},"class_list":["post-2528","page","type-page","status-publish","has-post-thumbnail","hentry"],"_links":{"self":[{"href":"https:\/\/templosantaluzia.org\/es\/wp-json\/wp\/v2\/pages\/2528","targetHints":{"allow":["GET"]}}],"collection":[{"href":"https:\/\/templosantaluzia.org\/es\/wp-json\/wp\/v2\/pages"}],"about":[{"href":"https:\/\/templosantaluzia.org\/es\/wp-json\/wp\/v2\/types\/page"}],"author":[{"embeddable":true,"href":"https:\/\/templosantaluzia.org\/es\/wp-json\/wp\/v2\/users\/1"}],"replies":[{"embeddable":true,"href":"https:\/\/templosantaluzia.org\/es\/wp-json\/wp\/v2\/comments?post=2528"}],"version-history":[{"count":4,"href":"https:\/\/templosantaluzia.org\/es\/wp-json\/wp\/v2\/pages\/2528\/revisions"}],"predecessor-version":[{"id":3539,"href":"https:\/\/templosantaluzia.org\/es\/wp-json\/wp\/v2\/pages\/2528\/revisions\/3539"}],"wp:featuredmedia":[{"embeddable":true,"href":"https:\/\/templosantaluzia.org\/es\/wp-json\/wp\/v2\/media\/1691"}],"wp:attachment":[{"href":"https:\/\/templosantaluzia.org\/es\/wp-json\/wp\/v2\/media?parent=2528"}],"curies":[{"name":"wp","href":"https:\/\/api.w.org\/{rel}","templated":true}]}}