{"id":2522,"date":"2017-11-21T11:44:18","date_gmt":"2017-11-21T11:44:18","guid":{"rendered":"https:\/\/templosantaluzia.org\/templo\/"},"modified":"2024-01-26T15:59:39","modified_gmt":"2024-01-26T14:59:39","slug":"templo","status":"publish","type":"page","link":"https:\/\/templosantaluzia.org\/es\/templo\/","title":{"rendered":"Santuario"},"content":{"rendered":"<p>En la cima del monte que enmarca Viana do Castelo se encuentra el Santu\u00e1rio do Sagrado Cora\u00e7\u00e3o de Jesus. Visible a kil\u00f3metros de distancia, como dando la bienvenida a quienes ingresan a la ciudad, el templo corona la Princesa del Lima. Quienes eligen subir la colina son recompensados con un panorama impresionante, donde el buc\u00f3lico y verde valle se fusiona con la modernidad y lo urbano de la ciudad, todo acompa\u00f1ado por el tranquilo r\u00edo Lima que desemboca en el Atl\u00e1ntico, donde casi podemos ver las Carabelas que una vez partieron en los Descubrimientos, todo en un solo lugar, todo en una sola vista.<\/p>\n<p>Lo sublime de la naturaleza se une al ingenio humano, con el Santuario glorificando al Sagrado Coraz\u00f3n de Jes\u00fas y a Santa Luzia, defensora de la vista y merecedora del agradecimiento del Capit\u00e1n de Caballer\u00eda Lu\u00eds de Andrade e Sousa, despu\u00e9s de haber sufrido una grave afecci\u00f3n ocular. En la extinta capilla de Santa Luzia, Andrade e Sousa le pide a Santa que lo ayude y, despu\u00e9s de recuperarse, le agradece, estableciendo en Viana do Castelo la Cofrad\u00eda de Santa Luzia.<\/p>\n<p>Para quienes visitan la ciudad o para sus habitantes, subir al monte de Santa Luzia es se\u00f1al de una experiencia diferente que dejar\u00e1 un dulce recuerdo de la ciudad. Adem\u00e1s de la imponente obra eclesi\u00e1stica, se puede pasear por el tranquilo jard\u00edn de los Tilos, hacer un picnic en el \u00e1rea de meriendas y subir al cimborrio, donde disfrutar\u00e1 de una vista de 360 grados.<\/p>\n","protected":false},"excerpt":{"rendered":"<p>En la cima del monte que enmarca Viana do Castelo se encuentra el Santu\u00e1rio do Sagrado Cora\u00e7\u00e3o de Jesus. Visible a kil\u00f3metros de distancia, como dando la bienvenida a quienes ingresan a la ciudad, el templo corona la Princesa del Lima. Quienes eligen subir la colina son recompensados con un panorama impresionante, donde el buc\u00f3lico y verde valle se fusiona con la modernidad y lo urbano de la ciudad, todo acompa\u00f1ado por el tranquilo r\u00edo Lima que desemboca en el Atl\u00e1ntico, donde casi podemos ver las Carabelas que una vez partieron en los Descubrimientos, todo en un solo lugar, todo [&hellip;]<\/p>\n","protected":false},"author":1,"featured_media":1888,"parent":0,"menu_order":0,"comment_status":"closed","ping_status":"closed","template":"template-templo.php","meta":{"footnotes":""},"class_list":["post-2522","page","type-page","status-publish","has-post-thumbnail","hentry"],"_links":{"self":[{"href":"https:\/\/templosantaluzia.org\/es\/wp-json\/wp\/v2\/pages\/2522","targetHints":{"allow":["GET"]}}],"collection":[{"href":"https:\/\/templosantaluzia.org\/es\/wp-json\/wp\/v2\/pages"}],"about":[{"href":"https:\/\/templosantaluzia.org\/es\/wp-json\/wp\/v2\/types\/page"}],"author":[{"embeddable":true,"href":"https:\/\/templosantaluzia.org\/es\/wp-json\/wp\/v2\/users\/1"}],"replies":[{"embeddable":true,"href":"https:\/\/templosantaluzia.org\/es\/wp-json\/wp\/v2\/comments?post=2522"}],"version-history":[{"count":9,"href":"https:\/\/templosantaluzia.org\/es\/wp-json\/wp\/v2\/pages\/2522\/revisions"}],"predecessor-version":[{"id":3589,"href":"https:\/\/templosantaluzia.org\/es\/wp-json\/wp\/v2\/pages\/2522\/revisions\/3589"}],"wp:featuredmedia":[{"embeddable":true,"href":"https:\/\/templosantaluzia.org\/es\/wp-json\/wp\/v2\/media\/1888"}],"wp:attachment":[{"href":"https:\/\/templosantaluzia.org\/es\/wp-json\/wp\/v2\/media?parent=2522"}],"curies":[{"name":"wp","href":"https:\/\/api.w.org\/{rel}","templated":true}]}}