{"id":2520,"date":"2017-11-21T11:44:43","date_gmt":"2017-11-21T11:44:43","guid":{"rendered":"https:\/\/templosantaluzia.org\/festa-de-santa-luzia\/"},"modified":"2024-01-23T14:19:12","modified_gmt":"2024-01-23T13:19:12","slug":"festa-de-santa-luzia","status":"publish","type":"page","link":"https:\/\/templosantaluzia.org\/es\/templo\/festa-de-santa-luzia\/","title":{"rendered":"D\u00eda de Santa Luc\u00eda"},"content":{"rendered":"<p>El 13 de diciembre se celebra la memoria lit\u00fargica de la Virgen y M\u00e1rtir Santa Luc\u00eda. Joven del siglo III, descubri\u00f3 en Jesucristo la raz\u00f3n de su vida y se consagr\u00f3 a \u00e9l de cuerpo y alma. Tal entrega le vali\u00f3 la persecuci\u00f3n, condena, tortura y la muerte. Entre los castigos infligidos, le causaron ceguera, lo que po\u00e9ticamente contradice su nombre. Luc\u00eda deriva de Lux, que significa luz o portadora de luz. As\u00ed, Luc\u00eda, a pesar de ser invidente y aun despu\u00e9s de martirizada, sigui\u00f3 siendo portadora de la luz de Jesucristo a trav\u00e9s de los siglos. Tambi\u00e9n para la ciudad de Viana do Castelo, Luc\u00eda fue portadora de la luz de Cristo, hasta el punto de convertirse en la causa de la actual existencia de este santuario al Sagrado Coraz\u00f3n de Jes\u00fas.<\/p>\n","protected":false},"excerpt":{"rendered":"<p>El 13 de diciembre se celebra la memoria lit\u00fargica de la Virgen y M\u00e1rtir Santa Luc\u00eda. Joven del siglo III, descubri\u00f3 en Jesucristo la raz\u00f3n de su vida y se consagr\u00f3 a \u00e9l de cuerpo y alma. Tal entrega le vali\u00f3 la persecuci\u00f3n, condena, tortura y la muerte. Entre los castigos infligidos, le causaron ceguera, lo que po\u00e9ticamente contradice su nombre. Luc\u00eda deriva de Lux, que significa luz o portadora de luz. As\u00ed, Luc\u00eda, a pesar de ser invidente y aun despu\u00e9s de martirizada, sigui\u00f3 siendo portadora de la luz de Jesucristo a trav\u00e9s de los siglos. Tambi\u00e9n para la [&hellip;]<\/p>\n","protected":false},"author":1,"featured_media":1867,"parent":2522,"menu_order":0,"comment_status":"closed","ping_status":"closed","template":"","meta":{"footnotes":""},"class_list":["post-2520","page","type-page","status-publish","has-post-thumbnail","hentry"],"_links":{"self":[{"href":"https:\/\/templosantaluzia.org\/es\/wp-json\/wp\/v2\/pages\/2520","targetHints":{"allow":["GET"]}}],"collection":[{"href":"https:\/\/templosantaluzia.org\/es\/wp-json\/wp\/v2\/pages"}],"about":[{"href":"https:\/\/templosantaluzia.org\/es\/wp-json\/wp\/v2\/types\/page"}],"author":[{"embeddable":true,"href":"https:\/\/templosantaluzia.org\/es\/wp-json\/wp\/v2\/users\/1"}],"replies":[{"embeddable":true,"href":"https:\/\/templosantaluzia.org\/es\/wp-json\/wp\/v2\/comments?post=2520"}],"version-history":[{"count":4,"href":"https:\/\/templosantaluzia.org\/es\/wp-json\/wp\/v2\/pages\/2520\/revisions"}],"predecessor-version":[{"id":3509,"href":"https:\/\/templosantaluzia.org\/es\/wp-json\/wp\/v2\/pages\/2520\/revisions\/3509"}],"up":[{"embeddable":true,"href":"https:\/\/templosantaluzia.org\/es\/wp-json\/wp\/v2\/pages\/2522"}],"wp:featuredmedia":[{"embeddable":true,"href":"https:\/\/templosantaluzia.org\/es\/wp-json\/wp\/v2\/media\/1867"}],"wp:attachment":[{"href":"https:\/\/templosantaluzia.org\/es\/wp-json\/wp\/v2\/media?parent=2520"}],"curies":[{"name":"wp","href":"https:\/\/api.w.org\/{rel}","templated":true}]}}