{"id":1764,"date":"2018-01-31T15:54:07","date_gmt":"2018-01-31T15:54:07","guid":{"rendered":"https:\/\/templosantaluzia.org\/albergue\/"},"modified":"2024-09-25T15:26:36","modified_gmt":"2024-09-25T14:26:36","slug":"albergue","status":"publish","type":"page","link":"https:\/\/templosantaluzia.org\/es\/albergue\/","title":{"rendered":"Albergue"},"content":{"rendered":"<p>El Albergue de Peregrinos de Santa Luzia est\u00e1 situado en el emblem\u00e1tico Monte de Santa Luzia en Viana do Castelo, junto al Santu\u00e1rio do Sagrado Cora\u00e7\u00e3o de Jesus.<\/p>\n<p>El alojamiento consta de 5 dormitorios compartidos (cada uno con 4 literas), 1 habitaci\u00f3n doble, lavander\u00eda, 2 ba\u00f1os (masculino y femenino) y tambi\u00e9n cuenta con una cocina compartida.<\/p>\n<p>Las habitaciones del Albergue est\u00e1n insonorizadas, tienen un armario\/ropero y cuentan con un balc\u00f3n con vistas al jard\u00edn. En toda el \u00e1rea del edificio hay acceso a Wi-Fi gratuito.<\/p>\n<div class=\"flex max-w-full flex-col flex-grow\">\n<div class=\"min-h-8 text-message flex w-full flex-col items-end gap-2 whitespace-normal break-words [.text-message+&amp;]:mt-5\" dir=\"auto\" data-message-author-role=\"assistant\" data-message-id=\"af154319-4677-4af9-aa58-797d4887f662\">\n<div class=\"flex w-full flex-col gap-1 empty:hidden first:pt-[3px]\">\n<div class=\"markdown prose w-full break-words dark:prose-invert light\">\n<p>El check-in puede hacerse de 14:00 a 20:00.<\/p>\n<\/div>\n<\/div>\n<\/div>\n<\/div>\n<p>Haga <a href=\"https:\/\/web.ynnovbooking.com\/?l=pt&amp;apikey=0MrwOv4MnEz8KBt8BIrXMpBAREd9YFdu\">aqui<\/a> su reserva.<\/p>\n<p><a class=\"btn-reservar\" href=\"https:\/\/web.ynnovbooking.com\/?l=pt&amp;apikey=0MrwOv4MnEz8KBt8BIrXMpBAREd9YFdu\">RESERVAR<\/a><\/p>\n<p>&nbsp;<\/p>\n","protected":false},"excerpt":{"rendered":"<p>El Albergue de Peregrinos de Santa Luzia est\u00e1 situado en el emblem\u00e1tico Monte de Santa Luzia en Viana do Castelo, junto al Santu\u00e1rio do Sagrado Cora\u00e7\u00e3o de Jesus. El alojamiento consta de 5 dormitorios compartidos (cada uno con 4 literas), 1 habitaci\u00f3n doble, lavander\u00eda, 2 ba\u00f1os (masculino y femenino) y tambi\u00e9n cuenta con una cocina compartida. Las habitaciones del Albergue est\u00e1n insonorizadas, tienen un armario\/ropero y cuentan con un balc\u00f3n con vistas al jard\u00edn. En toda el \u00e1rea del edificio hay acceso a Wi-Fi gratuito. El check-in puede hacerse de 14:00 a 20:00. Haga aqui su reserva. RESERVAR &nbsp;<\/p>\n","protected":false},"author":1,"featured_media":3375,"parent":0,"menu_order":0,"comment_status":"closed","ping_status":"closed","template":"page-albergue.php","meta":{"footnotes":""},"class_list":["post-1764","page","type-page","status-publish","has-post-thumbnail","hentry"],"_links":{"self":[{"href":"https:\/\/templosantaluzia.org\/es\/wp-json\/wp\/v2\/pages\/1764","targetHints":{"allow":["GET"]}}],"collection":[{"href":"https:\/\/templosantaluzia.org\/es\/wp-json\/wp\/v2\/pages"}],"about":[{"href":"https:\/\/templosantaluzia.org\/es\/wp-json\/wp\/v2\/types\/page"}],"author":[{"embeddable":true,"href":"https:\/\/templosantaluzia.org\/es\/wp-json\/wp\/v2\/users\/1"}],"replies":[{"embeddable":true,"href":"https:\/\/templosantaluzia.org\/es\/wp-json\/wp\/v2\/comments?post=1764"}],"version-history":[{"count":10,"href":"https:\/\/templosantaluzia.org\/es\/wp-json\/wp\/v2\/pages\/1764\/revisions"}],"predecessor-version":[{"id":3730,"href":"https:\/\/templosantaluzia.org\/es\/wp-json\/wp\/v2\/pages\/1764\/revisions\/3730"}],"wp:featuredmedia":[{"embeddable":true,"href":"https:\/\/templosantaluzia.org\/es\/wp-json\/wp\/v2\/media\/3375"}],"wp:attachment":[{"href":"https:\/\/templosantaluzia.org\/es\/wp-json\/wp\/v2\/media?parent=1764"}],"curies":[{"name":"wp","href":"https:\/\/api.w.org\/{rel}","templated":true}]}}