{"id":1708,"date":"2017-11-21T11:46:45","date_gmt":"2017-11-21T11:46:45","guid":{"rendered":"https:\/\/templosantaluzia.org\/noticias\/"},"modified":"2024-01-24T12:32:27","modified_gmt":"2024-01-24T11:32:27","slug":"destaques","status":"publish","type":"page","link":"https:\/\/templosantaluzia.org\/es\/destaques\/","title":{"rendered":"Destacados"},"content":{"rendered":"<p>100.\u00ba ANIVERSARIO DEL VOTO DE PEREGRINAR ANUALMENTE AL MONTE DE SANTA LUZIA<\/p>\n<p><img loading=\"lazy\" decoding=\"async\" class=\"alignnone size-medium wp-image-3131\" src=\"https:\/\/templosantaluzia.org\/wp-content\/uploads\/2018\/10\/1-12-300x227.jpg\" alt=\"\" width=\"300\" height=\"227\" srcset=\"https:\/\/templosantaluzia.org\/wp-content\/uploads\/2018\/10\/1-12-300x227.jpg 300w, https:\/\/templosantaluzia.org\/wp-content\/uploads\/2018\/10\/1-12-768x582.jpg 768w, https:\/\/templosantaluzia.org\/wp-content\/uploads\/2018\/10\/1-12-1024x776.jpg 1024w, https:\/\/templosantaluzia.org\/wp-content\/uploads\/2018\/10\/1-12-600x455.jpg 600w, https:\/\/templosantaluzia.org\/wp-content\/uploads\/2018\/10\/1-12.jpg 1572w\" sizes=\"auto, (max-width: 300px) 100vw, 300px\" \/><\/p>\n<p>El voto de la ciudad<\/p>\n<p>Era en octubre de 1918. La ciudad de Viana estaba entristecida por el luto y el sufrimiento que la Gripe Espa\u00f1ola hab\u00eda llevado a sus hogares. Todos estaban aterrorizados por la propagaci\u00f3n de la epidemia, con hogares cerrados, calles desiertas, la vida comercial completamente paralizada, los entierros se realizaban de noche, a la misma hora y sin toque de campanas, para no asustar a los que a\u00fan sobreviv\u00edan.<\/p>\n<p>(&#8230;)<\/p>\n<p>Por razones particulares, solo el 7 de noviembre de 1918 comenz\u00f3 un triduo de oraciones en las dos iglesias parroquiales de esta ciudad para implorar al Todopoderoso que terminara la epidemia.<\/p>\n<p>El domingo 10 de noviembre, a las 4 p.m., una procesi\u00f3n penitencial con el Sant\u00edsimo Sacramento sali\u00f3 de la iglesia de \u00abS\u00e3o Domingos\u00bb, durante la cual se rezaron la letan\u00eda de Todos los Santos, el Sagrado Coraz\u00f3n de Jes\u00fas y el rosario.<\/p>\n<p>La procesi\u00f3n rode\u00f3 la ciudad para terminar en el santuario de Nuestra Se\u00f1ora de la Agon\u00eda.<\/p>\n<p>Era el final de la tarde. El sol sumerg\u00eda sus \u00faltimos rayos en el mar cuando la procesi\u00f3n lleg\u00f3 a su fin.<\/p>\n<p>En el \u00abCampo de D. Fernando\u00bb, la multitud, que inclu\u00eda a muchos convalecientes que a\u00fan no pod\u00edan reprimir los restos de tos que les desgarraban el pecho, se reuni\u00f3 en un bloque de miles. Entre ellos corr\u00eda la triste noticia de la reciente muerte de dos v\u00edctimas m\u00e1s reclamadas por la terrible enfermedad.<\/p>\n<p>Los rostros de todos estaban abatidos, y los corazones estaban tan tristes como la noche que estaba extendiendo su manto negro sobre la tierra. Los fieles se arrodillaron sobre la hierba marchita para cantar Tantum ergo y recibir la Bendici\u00f3n del Sant\u00edsimo Sacramento, que iba a ser lanzada sobre el pueblo desde el umbral de Nuestra Se\u00f1ora de la Agon\u00eda. Se ve\u00edan l\u00e1grimas deslizarse por los rostros, cuando, en medio del silencio religioso, un sacerdote en nombre de todos pronunci\u00f3 la consagraci\u00f3n al Sagrado Coraz\u00f3n de Jes\u00fas, declarando en voz alta que el pueblo de Viana, humillado y postrado a los pies de la Sagrada Hostia, promet\u00eda ir en el verano siguiente, en una peregrinaci\u00f3n piadosa a la monta\u00f1a de Santa Luzia, para consagrarse nuevamente al Coraz\u00f3n amoroso de nuestro adorable Salvador, si \u00c9l terminaba el terrible azote y no permit\u00eda que otra calamidad similar cayera sobre esta tierra.<\/p>\n<p>Las dos v\u00edctimas de esa tarde fueron, en esta ciudad, las \u00faltimas reclamadas por la epidemia. La plaga ces\u00f3, y hasta el d\u00eda de hoy no nos ha vuelto a visitar.<\/p>\n<p>El Sagrado Coraz\u00f3n de Jes\u00fas escuch\u00f3 esas oraciones, y solo quedaba que el pueblo de la ciudad cumpliera lo que hab\u00eda prometido.<\/p>\n<p>En el verano de 1919, a pesar de las repetidas solicitudes de una distinguida comisi\u00f3n, la autoridad civil no consinti\u00f3 que Viana cumpliera su deber.<\/p>\n<p>En septiembre de ese mismo a\u00f1o, se form\u00f3 una gran comisi\u00f3n compuesta por damas de la m\u00e1s alta respetabilidad en el condado y tuvieron una audiencia con el gobernador civil. La comisi\u00f3n explic\u00f3 su prop\u00f3sito, y Su Excelencia, prometiendo una respuesta definitiva, luego dijo que no consent\u00eda que se realizara la peregrinaci\u00f3n mencionada.<\/p>\n<p>Pas\u00f3 un a\u00f1o, y en mayo de 1920, fueron al gobernador civil y le dijeron que los peri\u00f3dicos informaban sobre la aparici\u00f3n de la gripe espa\u00f1ola en las Islas Madeira, y, como esta ciudad estaba en deuda con Dios, las mismas personas que le hab\u00edan hablado el a\u00f1o anterior decidieron entonces cumplir la promesa de la ciudad, haciendo la peregrinaci\u00f3n el 13 de junio, el domingo posterior a la fiesta del Sagrado Coraz\u00f3n de Jes\u00fas en \u00abS\u00e3o Domingos\u00bb.<\/p>\n<p>Su Excelencia pospuso la respuesta como en el a\u00f1o anterior, y m\u00e1s tarde tambi\u00e9n dijo que a\u00fan no se pod\u00eda realizar la peregrinaci\u00f3n.<\/p>\n<p>(&#8230;)<\/p>\n<p>Afortunadamente, la promesa se pudo cumplir al a\u00f1o siguiente.<\/p>\n<p>El 21 de agosto de 1921, la peregrinaci\u00f3n realmente parti\u00f3 de la iglesia de \u00abS\u00e3o Domingos\u00bb, a las 7 a.m. (hora oficial), y con el mayor brillo y asistencia de miles de fieles, lleg\u00f3 al monte de Santa Luzia, donde toda la ciudad renov\u00f3 su consagraci\u00f3n al Sagrado Coraz\u00f3n de Jes\u00fas presente en el Sant\u00edsimo Sacramento expuesto.<\/p>\n<p>Para conmemorar este evento, el Comit\u00e9 actual de Obras del Santuario hizo inscribir una placa en las paredes de la nueva iglesia, cuyo texto reproducimos en otro lugar.\u00bb<\/p>\n<p>Autor: Jo\u00e3o do Monte<\/p>\n","protected":false},"excerpt":{"rendered":"<p>100.\u00ba ANIVERSARIO DEL VOTO DE PEREGRINAR ANUALMENTE AL MONTE DE SANTA LUZIA El voto de la ciudad Era en octubre de 1918. La ciudad de Viana estaba entristecida por el luto y el sufrimiento que la Gripe Espa\u00f1ola hab\u00eda llevado a sus hogares. Todos estaban aterrorizados por la propagaci\u00f3n de la epidemia, con hogares cerrados, calles desiertas, la vida comercial completamente paralizada, los entierros se realizaban de noche, a la misma hora y sin toque de campanas, para no asustar a los que a\u00fan sobreviv\u00edan. (&#8230;) Por razones particulares, solo el 7 de noviembre de 1918 comenz\u00f3 un triduo de [&hellip;]<\/p>\n","protected":false},"author":1,"featured_media":2417,"parent":0,"menu_order":0,"comment_status":"closed","ping_status":"closed","template":"archive.php","meta":{"footnotes":""},"class_list":["post-1708","page","type-page","status-publish","has-post-thumbnail","hentry"],"_links":{"self":[{"href":"https:\/\/templosantaluzia.org\/es\/wp-json\/wp\/v2\/pages\/1708","targetHints":{"allow":["GET"]}}],"collection":[{"href":"https:\/\/templosantaluzia.org\/es\/wp-json\/wp\/v2\/pages"}],"about":[{"href":"https:\/\/templosantaluzia.org\/es\/wp-json\/wp\/v2\/types\/page"}],"author":[{"embeddable":true,"href":"https:\/\/templosantaluzia.org\/es\/wp-json\/wp\/v2\/users\/1"}],"replies":[{"embeddable":true,"href":"https:\/\/templosantaluzia.org\/es\/wp-json\/wp\/v2\/comments?post=1708"}],"version-history":[{"count":5,"href":"https:\/\/templosantaluzia.org\/es\/wp-json\/wp\/v2\/pages\/1708\/revisions"}],"predecessor-version":[{"id":3536,"href":"https:\/\/templosantaluzia.org\/es\/wp-json\/wp\/v2\/pages\/1708\/revisions\/3536"}],"wp:featuredmedia":[{"embeddable":true,"href":"https:\/\/templosantaluzia.org\/es\/wp-json\/wp\/v2\/media\/2417"}],"wp:attachment":[{"href":"https:\/\/templosantaluzia.org\/es\/wp-json\/wp\/v2\/media?parent=1708"}],"curies":[{"name":"wp","href":"https:\/\/api.w.org\/{rel}","templated":true}]}}