{"id":1544,"date":"2017-11-27T14:20:20","date_gmt":"2017-11-27T14:20:20","guid":{"rendered":"https:\/\/templosantaluzia.org\/home\/"},"modified":"2024-01-24T15:10:54","modified_gmt":"2024-01-24T14:10:54","slug":"home","status":"publish","type":"page","link":"https:\/\/templosantaluzia.org\/es\/","title":{"rendered":"Home"},"content":{"rendered":"<p>En lo alto del Monte de Santa Luzia, se levanta el Santuario Diocesano del Sagrado Coraz\u00f3n de Jes\u00fas. Visible desde kil\u00f3metros de distancia, el edificio corona la ciudad de Viana do Castelo.<\/p>\n","protected":false},"excerpt":{"rendered":"<p>En lo alto del Monte de Santa Luzia, se levanta el Santuario Diocesano del Sagrado Coraz\u00f3n de Jes\u00fas. Visible desde kil\u00f3metros de distancia, el edificio corona la ciudad de Viana do Castelo.<\/p>\n","protected":false},"author":1,"featured_media":1511,"parent":0,"menu_order":0,"comment_status":"closed","ping_status":"closed","template":"template-home.php","meta":{"footnotes":""},"class_list":["post-1544","page","type-page","status-publish","has-post-thumbnail","hentry"],"_links":{"self":[{"href":"https:\/\/templosantaluzia.org\/es\/wp-json\/wp\/v2\/pages\/1544","targetHints":{"allow":["GET"]}}],"collection":[{"href":"https:\/\/templosantaluzia.org\/es\/wp-json\/wp\/v2\/pages"}],"about":[{"href":"https:\/\/templosantaluzia.org\/es\/wp-json\/wp\/v2\/types\/page"}],"author":[{"embeddable":true,"href":"https:\/\/templosantaluzia.org\/es\/wp-json\/wp\/v2\/users\/1"}],"replies":[{"embeddable":true,"href":"https:\/\/templosantaluzia.org\/es\/wp-json\/wp\/v2\/comments?post=1544"}],"version-history":[{"count":2,"href":"https:\/\/templosantaluzia.org\/es\/wp-json\/wp\/v2\/pages\/1544\/revisions"}],"predecessor-version":[{"id":3545,"href":"https:\/\/templosantaluzia.org\/es\/wp-json\/wp\/v2\/pages\/1544\/revisions\/3545"}],"wp:featuredmedia":[{"embeddable":true,"href":"https:\/\/templosantaluzia.org\/es\/wp-json\/wp\/v2\/media\/1511"}],"wp:attachment":[{"href":"https:\/\/templosantaluzia.org\/es\/wp-json\/wp\/v2\/media?parent=1544"}],"curies":[{"name":"wp","href":"https:\/\/api.w.org\/{rel}","templated":true}]}}