{"id":2521,"date":"2017-11-21T11:44:18","date_gmt":"2017-11-21T11:44:18","guid":{"rendered":"https:\/\/templosantaluzia.org\/templo\/"},"modified":"2024-01-26T15:59:30","modified_gmt":"2024-01-26T14:59:30","slug":"templo","status":"publish","type":"page","link":"https:\/\/templosantaluzia.org\/en\/templo\/","title":{"rendered":"Sanctuary"},"content":{"rendered":"<p>At the top of the mount that frames Viana do Castelo stands the &#8220;Santu\u00e1rio do Sagrado Cora\u00e7\u00e3o de Jesus&#8221;. Visible from kilometers away, as if welcoming those who enter the city, the temple crowns the &#8220;Princess of Lima&#8221;. Those who choose to climb the mount are rewarded with a breathtaking panorama, where the bucolic and lush valley merges with the modernity and urbanity of the city, all accompanied by the meandering Lima River that flows into the Atlantic, where we can still almost see the Caravels that once set sail for the Age of Discoveries &#8211; all in one place, all in one view.<\/p>\n<p>The sublime beauty of nature combines with human ingenuity, with the Sanctuary glorifying the Sacred Heart of Jesus and Santa Luzia, the advocate of sight, who earned the gratitude of Captain Lu\u00eds de Andrade e Sousa after he suffered from a serious eye ailment. In the former chapel of Santa Luzia, Andrade e Sousa asks Santa to help him, and after recovering, he thanks her by establishing the &#8220;Confraria de Santa Luzia&#8221; in Viana do Castelo.<\/p>\n<p>For visitors to the city or its residents, climbing mount is a sign of a different experience that will leave a sweet memory of the city. In addition to the imposing religious structure, you can also stroll through the secluded linden tree garden, have a picnic in the picnic area, and even climb to the dome, where you&#8217;ll enjoy a 360\u00ba view.<\/p>\n","protected":false},"excerpt":{"rendered":"<p>At the top of the mount that frames Viana do Castelo stands the &#8220;Santu\u00e1rio do Sagrado Cora\u00e7\u00e3o de Jesus&#8221;. Visible from kilometers away, as if welcoming those who enter the city, the temple crowns the &#8220;Princess of Lima&#8221;. Those who choose to climb the mount are rewarded with a breathtaking panorama, where the bucolic and lush valley merges with the modernity and urbanity of the city, all accompanied by the meandering Lima River that flows into the Atlantic, where we can still almost see the Caravels that once set sail for the Age of Discoveries &#8211; all in one place, [&hellip;]<\/p>\n","protected":false},"author":1,"featured_media":1887,"parent":0,"menu_order":0,"comment_status":"closed","ping_status":"closed","template":"template-templo.php","meta":{"footnotes":""},"class_list":["post-2521","page","type-page","status-publish","has-post-thumbnail","hentry"],"_links":{"self":[{"href":"https:\/\/templosantaluzia.org\/en\/wp-json\/wp\/v2\/pages\/2521","targetHints":{"allow":["GET"]}}],"collection":[{"href":"https:\/\/templosantaluzia.org\/en\/wp-json\/wp\/v2\/pages"}],"about":[{"href":"https:\/\/templosantaluzia.org\/en\/wp-json\/wp\/v2\/types\/page"}],"author":[{"embeddable":true,"href":"https:\/\/templosantaluzia.org\/en\/wp-json\/wp\/v2\/users\/1"}],"replies":[{"embeddable":true,"href":"https:\/\/templosantaluzia.org\/en\/wp-json\/wp\/v2\/comments?post=2521"}],"version-history":[{"count":5,"href":"https:\/\/templosantaluzia.org\/en\/wp-json\/wp\/v2\/pages\/2521\/revisions"}],"predecessor-version":[{"id":3582,"href":"https:\/\/templosantaluzia.org\/en\/wp-json\/wp\/v2\/pages\/2521\/revisions\/3582"}],"wp:featuredmedia":[{"embeddable":true,"href":"https:\/\/templosantaluzia.org\/en\/wp-json\/wp\/v2\/media\/1887"}],"wp:attachment":[{"href":"https:\/\/templosantaluzia.org\/en\/wp-json\/wp\/v2\/media?parent=2521"}],"curies":[{"name":"wp","href":"https:\/\/api.w.org\/{rel}","templated":true}]}}